{"id":4298,"date":"2025-10-22T11:04:08","date_gmt":"2025-10-22T14:04:08","guid":{"rendered":"https:\/\/hml.easelabspharma.com.br\/?page_id=4298"},"modified":"2025-11-13T16:35:45","modified_gmt":"2025-11-13T19:35:45","slug":"seja-fornecedor","status":"publish","type":"page","link":"https:\/\/hml.easelabspharma.com.br\/en\/fale-conosco\/seja-fornecedor\/","title":{"rendered":"Seja um fornecedor de produtos Ease Labs!"},"content":{"rendered":"","protected":false},"excerpt":{"rendered":"","protected":false},"author":1,"featured_media":0,"parent":711,"menu_order":0,"comment_status":"closed","ping_status":"closed","template":"","meta":{"_acf_changed":false,"_uf_show_specific_survey":0,"_uf_disable_surveys":false,"footnotes":""},"class_list":["post-4298","page","type-page","status-publish","hentry"],"acf":[],"yoast_head":"<!-- This site is optimized with the Yoast SEO plugin v27.4 - https:\/\/yoast.com\/product\/yoast-seo-wordpress\/ -->\n<title>Seja um fornecedor de produtos Ease Labs!<\/title>\n<meta name=\"description\" content=\"Ofere\u00e7a em sua farm\u00e1cia ou rede produtos de Cannabis com qualidade farmac\u00eautica assegurada e com excel\u00eancia cient\u00edfica. Cadastre-se aqui seja parceiro Ease Labs!\" \/>\n<meta name=\"robots\" content=\"index, follow, max-snippet:-1, max-image-preview:large, max-video-preview:-1\" \/>\n<link rel=\"canonical\" href=\"https:\/\/hml.easelabspharma.com.br\/en\/fale-conosco\/seja-fornecedor\/\" \/>\n<meta property=\"og:locale\" content=\"en_US\" \/>\n<meta property=\"og:type\" content=\"article\" \/>\n<meta property=\"og:title\" content=\"Seja um fornecedor de produtos Ease Labs!\" \/>\n<meta property=\"og:description\" content=\"Ofere\u00e7a em sua farm\u00e1cia ou rede produtos de Cannabis com qualidade farmac\u00eautica assegurada e com excel\u00eancia cient\u00edfica. Cadastre-se aqui seja parceiro Ease Labs!\" \/>\n<meta property=\"og:url\" content=\"https:\/\/hml.easelabspharma.com.br\/en\/fale-conosco\/seja-fornecedor\/\" \/>\n<meta property=\"og:site_name\" content=\"easeLabs\" \/>\n<meta property=\"article:modified_time\" content=\"2025-11-13T19:35:45+00:00\" \/>\n<meta name=\"twitter:card\" content=\"summary_large_image\" \/>\n<meta name=\"twitter:label1\" content=\"Est. reading time\" \/>\n\t<meta name=\"twitter:data1\" content=\"2 minutes\" \/>\n<script type=\"application\/ld+json\" class=\"yoast-schema-graph\">{\"@context\":\"https:\\\/\\\/schema.org\",\"@graph\":[{\"@type\":\"WebPage\",\"@id\":\"https:\\\/\\\/hml.easelabspharma.com.br\\\/fale-conosco\\\/seja-fornecedor\\\/\",\"url\":\"https:\\\/\\\/hml.easelabspharma.com.br\\\/fale-conosco\\\/seja-fornecedor\\\/\",\"name\":\"Seja um fornecedor de produtos Ease Labs!\",\"isPartOf\":{\"@id\":\"https:\\\/\\\/hml.easelabspharma.com.br\\\/#website\"},\"datePublished\":\"2025-10-22T14:04:08+00:00\",\"dateModified\":\"2025-11-13T19:35:45+00:00\",\"description\":\"Ofere\u00e7a em sua farm\u00e1cia ou rede produtos de Cannabis com qualidade farmac\u00eautica assegurada e com excel\u00eancia cient\u00edfica. Cadastre-se aqui seja parceiro Ease Labs!\",\"breadcrumb\":{\"@id\":\"https:\\\/\\\/hml.easelabspharma.com.br\\\/fale-conosco\\\/seja-fornecedor\\\/#breadcrumb\"},\"inLanguage\":\"en-US\",\"potentialAction\":[{\"@type\":\"ReadAction\",\"target\":[\"https:\\\/\\\/hml.easelabspharma.com.br\\\/fale-conosco\\\/seja-fornecedor\\\/\"]}]},{\"@type\":\"BreadcrumbList\",\"@id\":\"https:\\\/\\\/hml.easelabspharma.com.br\\\/fale-conosco\\\/seja-fornecedor\\\/#breadcrumb\",\"itemListElement\":[{\"@type\":\"ListItem\",\"position\":1,\"name\":\"In\u00edcio\",\"item\":\"https:\\\/\\\/hml.easelabspharma.com.br\\\/\"},{\"@type\":\"ListItem\",\"position\":2,\"name\":\"Canais de atendimento | Ease Labs\",\"item\":\"https:\\\/\\\/hml.easelabspharma.com.br\\\/fale-conosco\\\/\"},{\"@type\":\"ListItem\",\"position\":3,\"name\":\"Seja um fornecedor de produtos Ease Labs!\"}]},{\"@type\":\"WebSite\",\"@id\":\"https:\\\/\\\/hml.easelabspharma.com.br\\\/#website\",\"url\":\"https:\\\/\\\/hml.easelabspharma.com.br\\\/\",\"name\":\"easeLabs\",\"description\":\"\",\"potentialAction\":[{\"@type\":\"SearchAction\",\"target\":{\"@type\":\"EntryPoint\",\"urlTemplate\":\"https:\\\/\\\/hml.easelabspharma.com.br\\\/?s={search_term_string}\"},\"query-input\":{\"@type\":\"PropertyValueSpecification\",\"valueRequired\":true,\"valueName\":\"search_term_string\"}}],\"inLanguage\":\"en-US\"}]}<\/script>\n<!-- \/ Yoast SEO plugin. -->","yoast_head_json":{"title":"Seja um fornecedor de produtos Ease Labs!","description":"Ofere\u00e7a em sua farm\u00e1cia ou rede produtos de Cannabis com qualidade farmac\u00eautica assegurada e com excel\u00eancia cient\u00edfica. Cadastre-se aqui seja parceiro Ease Labs!","robots":{"index":"index","follow":"follow","max-snippet":"max-snippet:-1","max-image-preview":"max-image-preview:large","max-video-preview":"max-video-preview:-1"},"canonical":"https:\/\/hml.easelabspharma.com.br\/en\/fale-conosco\/seja-fornecedor\/","og_locale":"en_US","og_type":"article","og_title":"Seja um fornecedor de produtos Ease Labs!","og_description":"Ofere\u00e7a em sua farm\u00e1cia ou rede produtos de Cannabis com qualidade farmac\u00eautica assegurada e com excel\u00eancia cient\u00edfica. Cadastre-se aqui seja parceiro Ease Labs!","og_url":"https:\/\/hml.easelabspharma.com.br\/en\/fale-conosco\/seja-fornecedor\/","og_site_name":"easeLabs","article_modified_time":"2025-11-13T19:35:45+00:00","twitter_card":"summary_large_image","twitter_misc":{"Est. reading time":"2 minutes"},"schema":{"@context":"https:\/\/schema.org","@graph":[{"@type":"WebPage","@id":"https:\/\/hml.easelabspharma.com.br\/fale-conosco\/seja-fornecedor\/","url":"https:\/\/hml.easelabspharma.com.br\/fale-conosco\/seja-fornecedor\/","name":"Seja um fornecedor de produtos Ease Labs!","isPartOf":{"@id":"https:\/\/hml.easelabspharma.com.br\/#website"},"datePublished":"2025-10-22T14:04:08+00:00","dateModified":"2025-11-13T19:35:45+00:00","description":"Ofere\u00e7a em sua farm\u00e1cia ou rede produtos de Cannabis com qualidade farmac\u00eautica assegurada e com excel\u00eancia cient\u00edfica. Cadastre-se aqui seja parceiro Ease Labs!","breadcrumb":{"@id":"https:\/\/hml.easelabspharma.com.br\/fale-conosco\/seja-fornecedor\/#breadcrumb"},"inLanguage":"en-US","potentialAction":[{"@type":"ReadAction","target":["https:\/\/hml.easelabspharma.com.br\/fale-conosco\/seja-fornecedor\/"]}]},{"@type":"BreadcrumbList","@id":"https:\/\/hml.easelabspharma.com.br\/fale-conosco\/seja-fornecedor\/#breadcrumb","itemListElement":[{"@type":"ListItem","position":1,"name":"In\u00edcio","item":"https:\/\/hml.easelabspharma.com.br\/"},{"@type":"ListItem","position":2,"name":"Canais de atendimento | Ease Labs","item":"https:\/\/hml.easelabspharma.com.br\/fale-conosco\/"},{"@type":"ListItem","position":3,"name":"Seja um fornecedor de produtos Ease Labs!"}]},{"@type":"WebSite","@id":"https:\/\/hml.easelabspharma.com.br\/#website","url":"https:\/\/hml.easelabspharma.com.br\/","name":"easeLabs","description":"","potentialAction":[{"@type":"SearchAction","target":{"@type":"EntryPoint","urlTemplate":"https:\/\/hml.easelabspharma.com.br\/?s={search_term_string}"},"query-input":{"@type":"PropertyValueSpecification","valueRequired":true,"valueName":"search_term_string"}}],"inLanguage":"en-US"}]}},"_links":{"self":[{"href":"https:\/\/hml.easelabspharma.com.br\/en\/wp-json\/wp\/v2\/pages\/4298","targetHints":{"allow":["GET"]}}],"collection":[{"href":"https:\/\/hml.easelabspharma.com.br\/en\/wp-json\/wp\/v2\/pages"}],"about":[{"href":"https:\/\/hml.easelabspharma.com.br\/en\/wp-json\/wp\/v2\/types\/page"}],"author":[{"embeddable":true,"href":"https:\/\/hml.easelabspharma.com.br\/en\/wp-json\/wp\/v2\/users\/1"}],"replies":[{"embeddable":true,"href":"https:\/\/hml.easelabspharma.com.br\/en\/wp-json\/wp\/v2\/comments?post=4298"}],"version-history":[{"count":56,"href":"https:\/\/hml.easelabspharma.com.br\/en\/wp-json\/wp\/v2\/pages\/4298\/revisions"}],"predecessor-version":[{"id":4520,"href":"https:\/\/hml.easelabspharma.com.br\/en\/wp-json\/wp\/v2\/pages\/4298\/revisions\/4520"}],"up":[{"embeddable":true,"href":"https:\/\/hml.easelabspharma.com.br\/en\/wp-json\/wp\/v2\/pages\/711"}],"wp:attachment":[{"href":"https:\/\/hml.easelabspharma.com.br\/en\/wp-json\/wp\/v2\/media?parent=4298"}],"curies":[{"name":"wp","href":"https:\/\/api.w.org\/{rel}","templated":true}]}}